{"id":38,"date":"2013-10-15T13:39:28","date_gmt":"2013-10-15T18:39:28","guid":{"rendered":"http:\/\/www.integratic.ca\/?page_id=38"},"modified":"2013-10-15T13:39:28","modified_gmt":"2013-10-15T18:39:28","slug":"services","status":"publish","type":"page","link":"https:\/\/www.integratic.ca\/index.php\/services\/","title":{"rendered":"Services"},"content":{"rendered":"<p><strong>Services offert<\/strong><\/p>\n<ul>\n<li>Affichage Num\u00e9rique<\/li>\n<li>Implantation et supervision de r\u00e9seaux WiFi. (Complexe d&rsquo;habitation, \u00e9coles,\u00a0 h\u00f4tels, restaurants, centre d&rsquo;h\u00e9bergement, camping)<\/li>\n<li>Installation et maintenance de syst\u00e8mes informatiques. (MAC, PC, IOS ou Android)<\/li>\n<li><a href=\"https:\/\/www.itcloud.ca\/sauvegarde-en-ligne.html\" target=\"_blank\" rel=\"noopener noreferrer\">Service de sauvegarde des donn\u00e9es en ligne<\/a> (avec ou sans supervision).<\/li>\n<li><a href=\"https:\/\/www.itcloud.ca\/bitdefender-antivirus.html\">Solutions de protection Antivirus\/Anti Malware<\/a><\/li>\n<li>Solution de t\u00e9l\u00e9travail.<\/li>\n<li>T\u00e9l\u00e9phonie IP. (PBX Virtuel, Ligne Sans frais,\u00a0 R\u00e9ceptionniste virtuelle (IVR), messagerie vocale)<\/li>\n<li>Virtualisation VMWARE ou HYPER V.<\/li>\n<li>VPN (R\u00e9seau priv\u00e9 virtuel)<\/li>\n<\/ul>\n<p><strong>Installation et gestion des produits Microsoft<\/strong><\/p>\n<ul>\n<li>Courrier \u00e9lectronique\u00a0<a href=\"https:\/\/www.itcloud.ca\/exchange.html\" target=\"_blank\" rel=\"noopener noreferrer\">Exchange<\/a><\/li>\n<li><a href=\"https:\/\/www.itcloud.ca\/office-365.html\" target=\"_blank\" rel=\"noopener noreferrer\">Office 365.<\/a><\/li>\n<li>Serveurs Windows.<\/li>\n<\/ul>\n","protected":false},"excerpt":{"rendered":"<p>Services offert Affichage Num\u00e9rique Implantation et supervision de r\u00e9seaux WiFi. (Complexe d&rsquo;habitation, \u00e9coles,\u00a0 h\u00f4tels, restaurants, centre d&rsquo;h\u00e9bergement, camping) Installation et maintenance de syst\u00e8mes informatiques. (MAC, PC, IOS ou Android) Service de sauvegarde des donn\u00e9es en ligne (avec ou sans supervision). &hellip;<\/p>\n<p class=\"read-more\"> <a class=\"more-link\" href=\"https:\/\/www.integratic.ca\/index.php\/services\/\"> <span class=\"screen-reader-text\">Services<\/span> En savoir plus &raquo;<\/a><\/p>\n","protected":false},"author":1,"featured_media":0,"parent":0,"menu_order":3,"comment_status":"closed","ping_status":"closed","template":"","meta":{"footnotes":""},"folder":[],"_links":{"self":[{"href":"https:\/\/www.integratic.ca\/index.php\/wp-json\/wp\/v2\/pages\/38"}],"collection":[{"href":"https:\/\/www.integratic.ca\/index.php\/wp-json\/wp\/v2\/pages"}],"about":[{"href":"https:\/\/www.integratic.ca\/index.php\/wp-json\/wp\/v2\/types\/page"}],"author":[{"embeddable":true,"href":"https:\/\/www.integratic.ca\/index.php\/wp-json\/wp\/v2\/users\/1"}],"replies":[{"embeddable":true,"href":"https:\/\/www.integratic.ca\/index.php\/wp-json\/wp\/v2\/comments?post=38"}],"version-history":[{"count":0,"href":"https:\/\/www.integratic.ca\/index.php\/wp-json\/wp\/v2\/pages\/38\/revisions"}],"wp:attachment":[{"href":"https:\/\/www.integratic.ca\/index.php\/wp-json\/wp\/v2\/media?parent=38"}],"wp:term":[{"taxonomy":"folder","embeddable":true,"href":"https:\/\/www.integratic.ca\/index.php\/wp-json\/wp\/v2\/folder?post=38"}],"curies":[{"name":"wp","href":"https:\/\/api.w.org\/{rel}","templated":true}]}}