{"id":76,"date":"2013-11-12T12:56:15","date_gmt":"2013-11-12T17:56:15","guid":{"rendered":"http:\/\/www.integratic.ca\/?page_id=76"},"modified":"2021-04-01T09:09:58","modified_gmt":"2021-04-01T13:09:58","slug":"support-technique","status":"publish","type":"page","link":"https:\/\/www.integratic.ca\/index.php\/support-technique\/","title":{"rendered":"Support technique"},"content":{"rendered":"\t\t<div data-elementor-type=\"wp-page\" data-elementor-id=\"76\" class=\"elementor elementor-76\">\n\t\t\t\t\t\t\t\t\t<section class=\"elementor-section elementor-top-section elementor-element elementor-element-a9564cb elementor-section-boxed elementor-section-height-default elementor-section-height-default\" data-id=\"a9564cb\" data-element_type=\"section\">\n\t\t\t\t\t\t<div class=\"elementor-container elementor-column-gap-default\">\n\t\t\t\t\t<div class=\"elementor-column elementor-col-100 elementor-top-column elementor-element elementor-element-3f12372\" data-id=\"3f12372\" data-element_type=\"column\">\n\t\t\t<div class=\"elementor-widget-wrap elementor-element-populated\">\n\t\t\t\t\t\t\t\t<div class=\"elementor-element elementor-element-395f6197 elementor-widget elementor-widget-text-editor\" data-id=\"395f6197\" data-element_type=\"widget\" data-widget_type=\"text-editor.default\">\n\t\t\t\t<div class=\"elementor-widget-container\">\n\t\t\t\t\t\t\t<!-- wp:paragraph -->\n<p>En appuyant sur le bouton &lsquo;Support \u00e0 distance&rsquo; vous serez redirigez vers notre section de support en ligne. Un technicien pourras vous assister gr\u00e2ce \u00e0 notre outil de prise en charge \u00e0 distance.<\/p>\n<!-- \/wp:paragraph --><!-- wp:buttons -->\n<div class=\"wp-block-buttons\"><!-- wp:button -->\n<div class=\"wp-block-button\"><a class=\"wp-block-button__link\" href=\"https:\/\/sos.splashtop.com\/\" target=\"_blank\" rel=\"noreferrer noopener\">Support \u00e0 distance<\/a><\/div>\n<!-- \/wp:button --><\/div>\n<!-- \/wp:buttons -->\t\t\t\t\t\t<\/div>\n\t\t\t\t<\/div>\n\t\t\t\t\t<\/div>\n\t\t<\/div>\n\t\t\t\t\t\t\t<\/div>\n\t\t<\/section>\n\t\t\t\t\t\t\t<\/div>\n\t\t","protected":false},"excerpt":{"rendered":"<p>En appuyant sur le bouton &lsquo;Support \u00e0 distance&rsquo; vous serez redirigez vers notre section de support en ligne. Un technicien pourras vous assister gr\u00e2ce \u00e0 notre outil de prise en charge \u00e0 distance.<\/p>\n","protected":false},"author":1,"featured_media":0,"parent":0,"menu_order":4,"comment_status":"closed","ping_status":"closed","template":"","meta":{"footnotes":""},"folder":[],"_links":{"self":[{"href":"https:\/\/www.integratic.ca\/index.php\/wp-json\/wp\/v2\/pages\/76"}],"collection":[{"href":"https:\/\/www.integratic.ca\/index.php\/wp-json\/wp\/v2\/pages"}],"about":[{"href":"https:\/\/www.integratic.ca\/index.php\/wp-json\/wp\/v2\/types\/page"}],"author":[{"embeddable":true,"href":"https:\/\/www.integratic.ca\/index.php\/wp-json\/wp\/v2\/users\/1"}],"replies":[{"embeddable":true,"href":"https:\/\/www.integratic.ca\/index.php\/wp-json\/wp\/v2\/comments?post=76"}],"version-history":[{"count":8,"href":"https:\/\/www.integratic.ca\/index.php\/wp-json\/wp\/v2\/pages\/76\/revisions"}],"predecessor-version":[{"id":369,"href":"https:\/\/www.integratic.ca\/index.php\/wp-json\/wp\/v2\/pages\/76\/revisions\/369"}],"wp:attachment":[{"href":"https:\/\/www.integratic.ca\/index.php\/wp-json\/wp\/v2\/media?parent=76"}],"wp:term":[{"taxonomy":"folder","embeddable":true,"href":"https:\/\/www.integratic.ca\/index.php\/wp-json\/wp\/v2\/folder?post=76"}],"curies":[{"name":"wp","href":"https:\/\/api.w.org\/{rel}","templated":true}]}}